{"id":1297,"date":"2023-12-21T22:03:35","date_gmt":"2023-12-21T21:03:35","guid":{"rendered":"https:\/\/karibea.ms.decms.eu\/?page_id=1297"},"modified":"2023-12-21T22:04:23","modified_gmt":"2023-12-21T21:04:23","slug":"legal-notice","status":"publish","type":"page","link":"https:\/\/www.karibea.com\/en\/legal-notice\/","title":{"rendered":"Legal notice"},"content":{"rendered":"<p>In accordance with the provisions of Law No. 2004-575 of June 21, 2004, on confidence in the digital economy, users of the Karibea website are informed of the identity of the various contributors involved in its creation and monitoring.<\/p>\n<p><strong>Site Edition<\/strong><br \/>\nThis site, accessible at the URL www.Karibea.com (the &#8220;Site&#8221;), is published by:<\/p>\n<p>SAS GFD, a company with a capital of 3,700,000 euros, registered with the RCS of FORT-DE-FRANCE under number Fort-de-France B 303 160 287, with its registered office located at HABITATION GENIPA 97224 DUCOS, represented by Patrice Fabre duly authorized.<\/p>\n<p><strong>Hosting<\/strong><br \/>\nD-Edge \u2013 https:\/\/www.d-edge.com\/fr\/<br \/>\nPostal address: whose registered office is located at 66 rue des archives \u2013 75003 Paris.<br \/>\nPhone: +33 (0) 1 76 44 04 35<br \/>\nSIREN: 431 513 852<\/p>\n<p><strong>Publication Director<\/strong><br \/>\nThe Publication Director of the Site is Patrice Fabre.<\/p>\n<p><strong>Contact Us<\/strong><br \/>\nBy phone: +596596485000<br \/>\nBy email: contact@karibeahotel.com<br \/>\nBy mail: Habitation G\u00e9nipa \u2013 ZA de G\u00e9nipa \u2013 97224 DUCOS<\/p>\n<p><strong>Personal Data<\/strong><br \/>\nThe processing of your personal data is governed by our Privacy Charter, available from the &#8220;Personal Data Protection Charter&#8221; section, in accordance with the General Data Protection Regulation 2016\/679 of April 27, 2016 (&#8220;GDPR&#8221;).<\/p>\n<p><strong>Information:<\/strong><br \/>\nThis website is the institutional site of the Karibea Hotels Group. The user connecting to this site agrees to comply with the terms of use described below:<\/p>\n<p>Information about the content and use of the site:<\/p>\n<p>All information on this site may be downloaded, reproduced, and printed subject to:<\/p>\n<p>Using such information for personal purposes only and in no way for commercial purposes.<br \/>\nNot modifying such information.<br \/>\nReproducing the copyright notice of the Karibea Hotels Group on all copies.<\/p>\n<p>Any other use is strictly prohibited without the prior written authorization of the Karibea Hotels Group.<br \/>\nAll information accessible via this site is provided as is. The Karibea Hotels Group gives no warranty, express or implied, and assumes no responsibility for the use of this information. The Karibea Hotels Group is not responsible for the accuracy, errors, or omissions contained on this site. The user is solely responsible for the use of such information. The Karibea Hotels Group reserves the right to modify these details at any time, including by updating this site. The Karibea Hotels Group cannot be held responsible for any damage, direct or indirect, resulting from information contained on this site. The user agrees not to transmit any information on this site that could result in civil or criminal liability and undertakes not to disclose illegal, contrary to public order, or defamatory information via this site.<\/p>\n<p><strong>Trademarks &amp; Logos:<\/strong><br \/>\nThe trademarks and logos on this site are registered trademarks of the Karibea Hotels Group. Their mention does not grant any license or right to use such trademarks, which cannot be used without the prior written consent of the trademark owner, under penalty of counterfeiting.<\/p>\n<p><strong>Establishments:<\/strong><\/p>\n<p>Karibea Squash Hotel &#8211; Soci\u00e9t\u00e9 Hoteli\u00e8re du Squash SARL \u2013 Bd de la Marne \u2013 9700 Fort de France \u2013 RCS Fort de France 794 254 193<br \/>\nKaribea Sainte Luce Hotel \u2013 Soci\u00e9t\u00e9 d\u2019exploitation h\u00f4teli\u00e8re de Sainte Luce SARL \u2013 Quartier D\u00e9sert \u2013 H\u00f4tel Amyris \u2013 97228 Sainte Luce \u2013 RCS Fort de France 794 254 250<br \/>\nKaribea La Valmeni\u00e8re Hotel &#8211; Avenue des Arawaks \u2013 92700 Fort de France \u2013 RCS Fort de France 488 234 741<\/p>\n<p><strong>Right of Access to Information:<\/strong><br \/>\nIn accordance with the Data Protection Act No. 78-17 of January 6, 1978, this site has been declared to the CNIL. In accordance with Article 34 of the &#8220;Data Protection&#8221; law, you have the right to access, modify, rectify, and delete data concerning you.<\/p>\n<p><strong>To exercise this right of access, please contact:<\/strong><\/p>\n<p>KARIBEA HOTELS &amp; RESIDENCES<\/p>\n<p>Commercial and Marketing Department<br \/>\nG\u00e9nipa Industrial Zone<br \/>\nHabitation G\u00e9nipa<br \/>\n97224 \u2013 DUCOS \u2013 MARTINIQUE<br \/>\nEmail: contact@karibeahotel.com<\/p>\n<p>News<br \/>\nContact<br \/>\nFrequently Asked Questions<\/p>\n","protected":false},"excerpt":{"rendered":"<p>In accordance with the provisions of Law No. 2004-575 of June 21, 2004, on confidence in the digital economy, users of the Karibea website are informed of the identity of the various contributors involved in its creation and monitoring. Site Edition This site, accessible at the URL www.Karibea.com (the &#8220;Site&#8221;), is published by: SAS GFD, [&hellip;]<\/p>\n","protected":false},"author":15,"featured_media":0,"parent":0,"menu_order":0,"comment_status":"closed","ping_status":"closed","template":"template-privacy.php","meta":{"footnotes":""},"class_list":["post-1297","page","type-page","status-publish","hentry"],"yoast_head":"<!-- This site is optimized with the Yoast SEO plugin v26.9 - https:\/\/yoast.com\/product\/yoast-seo-wordpress\/ -->\n<title>Legal notices | Karibea Hotels &amp; Resorts<\/title>\n<meta name=\"description\" content=\"Learn more about the legal notice of the 3-star Karibea Hotels &amp; Resorts official website.\" \/>\n<meta name=\"robots\" content=\"index, follow, max-snippet:-1, max-image-preview:large, max-video-preview:-1\" \/>\n<link rel=\"canonical\" href=\"https:\/\/www.karibea.com\/en\/legal-notice\/\" \/>\n<meta property=\"og:locale\" content=\"en_US\" \/>\n<meta property=\"og:type\" content=\"article\" \/>\n<meta property=\"og:title\" content=\"Legal notices | Karibea Hotels &amp; Resorts\" \/>\n<meta property=\"og:description\" content=\"Learn more about the legal notice of the 3-star Karibea Hotels &amp; Resorts official website.\" \/>\n<meta property=\"og:url\" content=\"https:\/\/www.karibea.com\/en\/legal-notice\/\" \/>\n<meta property=\"og:site_name\" content=\"Karibea Group Hub\" \/>\n<meta property=\"article:modified_time\" content=\"2023-12-21T21:04:23+00:00\" \/>\n<meta property=\"og:image\" content=\"https:\/\/www.karibea.com\/wp-content\/uploads\/sites\/496\/2022\/11\/Karibea-Sainte-Luce-Hotel-Martinique-vue-aerienne-drone-plage.jpg\" \/>\n\t<meta property=\"og:image:width\" content=\"1900\" \/>\n\t<meta property=\"og:image:height\" content=\"1266\" \/>\n\t<meta property=\"og:image:type\" content=\"image\/jpeg\" \/>\n<meta name=\"twitter:card\" content=\"summary_large_image\" \/>\n<meta name=\"twitter:label1\" content=\"Est. reading time\" \/>\n\t<meta name=\"twitter:data1\" content=\"3 minutes\" \/>\n<script type=\"application\/ld+json\" class=\"yoast-schema-graph\">{\"@context\":\"https:\/\/schema.org\",\"@graph\":[{\"@type\":\"WebPage\",\"@id\":\"https:\/\/www.karibea.com\/en\/legal-notice\/\",\"url\":\"https:\/\/www.karibea.com\/en\/legal-notice\/\",\"name\":\"Legal notices | Karibea Hotels & Resorts\",\"isPartOf\":{\"@id\":\"https:\/\/www.karibea.com\/en\/#website\"},\"datePublished\":\"2023-12-21T21:03:35+00:00\",\"dateModified\":\"2023-12-21T21:04:23+00:00\",\"description\":\"Learn more about the legal notice of the 3-star Karibea Hotels & Resorts official website.\",\"breadcrumb\":{\"@id\":\"https:\/\/www.karibea.com\/en\/legal-notice\/#breadcrumb\"},\"inLanguage\":\"en-US\",\"potentialAction\":[{\"@type\":\"ReadAction\",\"target\":[\"https:\/\/www.karibea.com\/en\/legal-notice\/\"]}]},{\"@type\":\"BreadcrumbList\",\"@id\":\"https:\/\/www.karibea.com\/en\/legal-notice\/#breadcrumb\",\"itemListElement\":[{\"@type\":\"ListItem\",\"position\":1,\"name\":\"Accueil\",\"item\":\"https:\/\/www.karibea.com\/en\/\"},{\"@type\":\"ListItem\",\"position\":2,\"name\":\"Legal notice\"}]},{\"@type\":\"WebSite\",\"@id\":\"https:\/\/www.karibea.com\/en\/#website\",\"url\":\"https:\/\/www.karibea.com\/en\/\",\"name\":\"Karibea Group Hub\",\"description\":\"Un site utilisant ms.decms.eu\",\"publisher\":{\"@id\":\"https:\/\/www.karibea.com\/en\/#organization\"},\"potentialAction\":[{\"@type\":\"SearchAction\",\"target\":{\"@type\":\"EntryPoint\",\"urlTemplate\":\"https:\/\/www.karibea.com\/en\/?s={search_term_string}\"},\"query-input\":{\"@type\":\"PropertyValueSpecification\",\"valueRequired\":true,\"valueName\":\"search_term_string\"}}],\"inLanguage\":\"en-US\"},{\"@type\":\"Organization\",\"@id\":\"https:\/\/www.karibea.com\/en\/#organization\",\"name\":\"Karib\u00e9a\",\"url\":\"https:\/\/www.karibea.com\/en\/\",\"logo\":{\"@type\":\"ImageObject\",\"inLanguage\":\"en-US\",\"@id\":\"https:\/\/www.karibea.com\/en\/#\/schema\/logo\/image\/\",\"url\":\"https:\/\/www.karibea.com\/wp-content\/uploads\/sites\/496\/2023\/08\/Karibea-Sainte-Luce-Hotel-Martinique-vue-aerienne-drone-plage.jpg\",\"contentUrl\":\"https:\/\/www.karibea.com\/wp-content\/uploads\/sites\/496\/2023\/08\/Karibea-Sainte-Luce-Hotel-Martinique-vue-aerienne-drone-plage.jpg\",\"width\":1900,\"height\":1266,\"caption\":\"Karib\u00e9a\"},\"image\":{\"@id\":\"https:\/\/www.karibea.com\/en\/#\/schema\/logo\/image\/\"}}]}<\/script>\n<!-- \/ Yoast SEO plugin. -->","yoast_head_json":{"title":"Legal notices | Karibea Hotels & Resorts","description":"Learn more about the legal notice of the 3-star Karibea Hotels & Resorts official website.","robots":{"index":"index","follow":"follow","max-snippet":"max-snippet:-1","max-image-preview":"max-image-preview:large","max-video-preview":"max-video-preview:-1"},"canonical":"https:\/\/www.karibea.com\/en\/legal-notice\/","og_locale":"en_US","og_type":"article","og_title":"Legal notices | Karibea Hotels & Resorts","og_description":"Learn more about the legal notice of the 3-star Karibea Hotels & Resorts official website.","og_url":"https:\/\/www.karibea.com\/en\/legal-notice\/","og_site_name":"Karibea Group Hub","article_modified_time":"2023-12-21T21:04:23+00:00","og_image":[{"width":1900,"height":1266,"url":"https:\/\/www.karibea.com\/wp-content\/uploads\/sites\/496\/2022\/11\/Karibea-Sainte-Luce-Hotel-Martinique-vue-aerienne-drone-plage.jpg","type":"image\/jpeg"}],"twitter_card":"summary_large_image","twitter_misc":{"Est. reading time":"3 minutes"},"schema":{"@context":"https:\/\/schema.org","@graph":[{"@type":"WebPage","@id":"https:\/\/www.karibea.com\/en\/legal-notice\/","url":"https:\/\/www.karibea.com\/en\/legal-notice\/","name":"Legal notices | Karibea Hotels & Resorts","isPartOf":{"@id":"https:\/\/www.karibea.com\/en\/#website"},"datePublished":"2023-12-21T21:03:35+00:00","dateModified":"2023-12-21T21:04:23+00:00","description":"Learn more about the legal notice of the 3-star Karibea Hotels & Resorts official website.","breadcrumb":{"@id":"https:\/\/www.karibea.com\/en\/legal-notice\/#breadcrumb"},"inLanguage":"en-US","potentialAction":[{"@type":"ReadAction","target":["https:\/\/www.karibea.com\/en\/legal-notice\/"]}]},{"@type":"BreadcrumbList","@id":"https:\/\/www.karibea.com\/en\/legal-notice\/#breadcrumb","itemListElement":[{"@type":"ListItem","position":1,"name":"Accueil","item":"https:\/\/www.karibea.com\/en\/"},{"@type":"ListItem","position":2,"name":"Legal notice"}]},{"@type":"WebSite","@id":"https:\/\/www.karibea.com\/en\/#website","url":"https:\/\/www.karibea.com\/en\/","name":"Karibea Group Hub","description":"Un site utilisant ms.decms.eu","publisher":{"@id":"https:\/\/www.karibea.com\/en\/#organization"},"potentialAction":[{"@type":"SearchAction","target":{"@type":"EntryPoint","urlTemplate":"https:\/\/www.karibea.com\/en\/?s={search_term_string}"},"query-input":{"@type":"PropertyValueSpecification","valueRequired":true,"valueName":"search_term_string"}}],"inLanguage":"en-US"},{"@type":"Organization","@id":"https:\/\/www.karibea.com\/en\/#organization","name":"Karib\u00e9a","url":"https:\/\/www.karibea.com\/en\/","logo":{"@type":"ImageObject","inLanguage":"en-US","@id":"https:\/\/www.karibea.com\/en\/#\/schema\/logo\/image\/","url":"https:\/\/www.karibea.com\/wp-content\/uploads\/sites\/496\/2023\/08\/Karibea-Sainte-Luce-Hotel-Martinique-vue-aerienne-drone-plage.jpg","contentUrl":"https:\/\/www.karibea.com\/wp-content\/uploads\/sites\/496\/2023\/08\/Karibea-Sainte-Luce-Hotel-Martinique-vue-aerienne-drone-plage.jpg","width":1900,"height":1266,"caption":"Karib\u00e9a"},"image":{"@id":"https:\/\/www.karibea.com\/en\/#\/schema\/logo\/image\/"}}]}},"acf":[],"_links":{"self":[{"href":"https:\/\/www.karibea.com\/en\/wp-json\/wp\/v2\/pages\/1297","targetHints":{"allow":["GET"]}}],"collection":[{"href":"https:\/\/www.karibea.com\/en\/wp-json\/wp\/v2\/pages"}],"about":[{"href":"https:\/\/www.karibea.com\/en\/wp-json\/wp\/v2\/types\/page"}],"author":[{"embeddable":true,"href":"https:\/\/www.karibea.com\/en\/wp-json\/wp\/v2\/users\/15"}],"replies":[{"embeddable":true,"href":"https:\/\/www.karibea.com\/en\/wp-json\/wp\/v2\/comments?post=1297"}],"version-history":[{"count":0,"href":"https:\/\/www.karibea.com\/en\/wp-json\/wp\/v2\/pages\/1297\/revisions"}],"wp:attachment":[{"href":"https:\/\/www.karibea.com\/en\/wp-json\/wp\/v2\/media?parent=1297"}],"curies":[{"name":"wp","href":"https:\/\/api.w.org\/{rel}","templated":true}]}}