{"id":1749,"date":"2025-05-20T23:35:28","date_gmt":"2025-05-20T21:35:28","guid":{"rendered":"https:\/\/www.karibea.com\/?page_id=1749"},"modified":"2025-05-20T23:35:28","modified_gmt":"2025-05-20T21:35:28","slug":"grupo-karibea","status":"publish","type":"page","link":"https:\/\/www.karibea.com\/pt-br\/grupo-karibea\/","title":{"rendered":"Grupo Karibea"},"content":{"rendered":"<p class=\"\" data-start=\"91\" data-end=\"328\">O grupo <strong data-start=\"99\" data-end=\"131\">Karibea Hot\u00e9is e Resid\u00eancias<\/strong>, rede hoteleira das Antilhas Francesas, foi fundado em 1991 pelo grupo GFD. Esta empresa regional, fortemente implantada nas Antilhas Francesas, conta hoje com <strong data-start=\"292\" data-end=\"327\">3 estabelecimentos na Martinica<\/strong>.<\/p>\n<p class=\"\" data-start=\"330\" data-end=\"620\">Combinando a cultura dos territ\u00f3rios ultramarinos com um know-how de mais de 30 anos, o <strong data-start=\"418\" data-end=\"456\">grupo Karibea Hot\u00e9is e Resid\u00eancias<\/strong> oferece momentos inesquec\u00edveis de prazer e relaxamento em seus hot\u00e9is, resorts e resid\u00eancias. Na Martinica, o Karibea Hot\u00e9is oferece uma ampla gama de acomoda\u00e7\u00f5es.<\/p>\n<p class=\"\" data-start=\"622\" data-end=\"685\">O grupo recebe voc\u00ea durante todo o ano em um dos seus 3 hot\u00e9is:<\/p>\n<p class=\"\" data-start=\"687\" data-end=\"985\">\u2013 <strong data-start=\"689\" data-end=\"717\">Karibea Valmeni\u00e8re H\u00f4tel<\/strong>* localizado em Fort-de-France, Martinica<br data-start=\"758\" data-end=\"761\" \/>\u2013 <strong data-start=\"763\" data-end=\"787\">Karibea Squash H\u00f4tel<\/strong>* localizado em Fort-de-France, Martinica<br data-start=\"828\" data-end=\"831\" \/>\u2013 <strong data-start=\"833\" data-end=\"862\">Karibea Sainte-Luce H\u00f4tel<\/strong>* localizado em Sainte-Luce, no sul da Martinica, reunindo os hot\u00e9is Les Amandiers, Amyris e a resid\u00eancia hoteleira Caribia<\/p>\n<p class=\"\" data-start=\"987\" data-end=\"1259\">A rede hoteleira do grupo atualmente disp\u00f5e de <strong data-start=\"1034\" data-end=\"1049\">500 quartos<\/strong> e <strong data-start=\"1052\" data-end=\"1087\">1.500 m\u00b2 de salas de semin\u00e1rios<\/strong>. Durante todo o ano, prometemos as <strong data-start=\"1123\" data-end=\"1166\">melhores ofertas de viagem na Martinica<\/strong>. Em um cen\u00e1rio paradis\u00edaco, voc\u00ea encontrar\u00e1 todos os servi\u00e7os necess\u00e1rios para seus eventos.<\/p>\n<p class=\"\" data-start=\"1261\" data-end=\"1433\">Os maiores tour operadores franceses e europeus nos representam, e nosso site \u2014 vitrine essencial para estadias nas Antilhas \u2014 permite tamb\u00e9m <strong data-start=\"1403\" data-end=\"1432\">reservar seu hotel online<\/strong>.<\/p>\n","protected":false},"excerpt":{"rendered":"<p>O grupo Karibea Hot\u00e9is e Resid\u00eancias, rede hoteleira das Antilhas Francesas, foi fundado em 1991 pelo grupo GFD. Esta empresa regional, fortemente implantada nas Antilhas Francesas, conta hoje com 3 estabelecimentos na Martinica. Combinando a cultura dos territ\u00f3rios ultramarinos com um know-how de mais de 30 anos, o grupo Karibea Hot\u00e9is e Resid\u00eancias oferece momentos [&hellip;]<\/p>\n","protected":false},"author":684,"featured_media":527,"parent":0,"menu_order":0,"comment_status":"closed","ping_status":"closed","template":"template-default-4.php","meta":{"footnotes":""},"class_list":["post-1749","page","type-page","status-publish","has-post-thumbnail","hentry"],"yoast_head":"<!-- This site is optimized with the Yoast SEO plugin v26.9 - https:\/\/yoast.com\/product\/yoast-seo-wordpress\/ -->\n<title>Grupo Karibea - Karibea Group Hub<\/title>\n<meta name=\"description\" content=\"O grupo Karibea Hot\u00e9is e Resid\u00eancias, rede hoteleira das Antilhas Francesas, foi fundado em 1991 pelo grupo GFD. Esta empresa regional, fortemente\" \/>\n<meta name=\"robots\" content=\"index, follow, max-snippet:-1, max-image-preview:large, max-video-preview:-1\" \/>\n<link rel=\"canonical\" href=\"https:\/\/www.karibea.com\/pt-br\/grupo-karibea\/\" \/>\n<meta property=\"og:locale\" content=\"pt_BR\" \/>\n<meta property=\"og:type\" content=\"article\" \/>\n<meta property=\"og:title\" content=\"Grupo Karibea - Karibea Group Hub\" \/>\n<meta property=\"og:description\" content=\"O grupo Karibea Hot\u00e9is e Resid\u00eancias, rede hoteleira das Antilhas Francesas, foi fundado em 1991 pelo grupo GFD. Esta empresa regional, fortemente\" \/>\n<meta property=\"og:url\" content=\"https:\/\/www.karibea.com\/pt-br\/grupo-karibea\/\" \/>\n<meta property=\"og:site_name\" content=\"Karibea Group Hub\" \/>\n<meta property=\"og:image\" content=\"https:\/\/www.karibea.com\/wp-content\/uploads\/sites\/496\/2023\/08\/Karibea-Sainte-Luce-Hotel-Martinique-vue-aerienne-drone-piscine-amandiers-batiments-mer.jpg\" \/>\n\t<meta property=\"og:image:width\" content=\"1900\" \/>\n\t<meta property=\"og:image:height\" content=\"1266\" \/>\n\t<meta property=\"og:image:type\" content=\"image\/jpeg\" \/>\n<meta name=\"twitter:card\" content=\"summary_large_image\" \/>\n<meta name=\"twitter:label1\" content=\"Est. tempo de leitura\" \/>\n\t<meta name=\"twitter:data1\" content=\"2 minutos\" \/>\n<script type=\"application\/ld+json\" class=\"yoast-schema-graph\">{\"@context\":\"https:\/\/schema.org\",\"@graph\":[{\"@type\":\"WebPage\",\"@id\":\"https:\/\/www.karibea.com\/pt-br\/grupo-karibea\/\",\"url\":\"https:\/\/www.karibea.com\/pt-br\/grupo-karibea\/\",\"name\":\"Grupo Karibea - Karibea Group Hub\",\"isPartOf\":{\"@id\":\"https:\/\/www.karibea.com\/pt-br\/#website\"},\"primaryImageOfPage\":{\"@id\":\"https:\/\/www.karibea.com\/pt-br\/grupo-karibea\/#primaryimage\"},\"image\":{\"@id\":\"https:\/\/www.karibea.com\/pt-br\/grupo-karibea\/#primaryimage\"},\"thumbnailUrl\":\"https:\/\/www.karibea.com\/wp-content\/uploads\/sites\/496\/2023\/08\/Karibea-Sainte-Luce-Hotel-Martinique-vue-aerienne-drone-piscine-amandiers-batiments-mer.jpg\",\"datePublished\":\"2025-05-20T21:35:28+00:00\",\"description\":\"O grupo Karibea Hot\u00e9is e Resid\u00eancias, rede hoteleira das Antilhas Francesas, foi fundado em 1991 pelo grupo GFD. Esta empresa regional, fortemente\",\"breadcrumb\":{\"@id\":\"https:\/\/www.karibea.com\/pt-br\/grupo-karibea\/#breadcrumb\"},\"inLanguage\":\"pt-BR\",\"potentialAction\":[{\"@type\":\"ReadAction\",\"target\":[\"https:\/\/www.karibea.com\/pt-br\/grupo-karibea\/\"]}]},{\"@type\":\"ImageObject\",\"inLanguage\":\"pt-BR\",\"@id\":\"https:\/\/www.karibea.com\/pt-br\/grupo-karibea\/#primaryimage\",\"url\":\"https:\/\/www.karibea.com\/wp-content\/uploads\/sites\/496\/2023\/08\/Karibea-Sainte-Luce-Hotel-Martinique-vue-aerienne-drone-piscine-amandiers-batiments-mer.jpg\",\"contentUrl\":\"https:\/\/www.karibea.com\/wp-content\/uploads\/sites\/496\/2023\/08\/Karibea-Sainte-Luce-Hotel-Martinique-vue-aerienne-drone-piscine-amandiers-batiments-mer.jpg\",\"width\":1900,\"height\":1266},{\"@type\":\"BreadcrumbList\",\"@id\":\"https:\/\/www.karibea.com\/pt-br\/grupo-karibea\/#breadcrumb\",\"itemListElement\":[{\"@type\":\"ListItem\",\"position\":1,\"name\":\"Accueil\",\"item\":\"https:\/\/www.karibea.com\/pt-br\/\"},{\"@type\":\"ListItem\",\"position\":2,\"name\":\"Grupo Karibea\"}]},{\"@type\":\"WebSite\",\"@id\":\"https:\/\/www.karibea.com\/pt-br\/#website\",\"url\":\"https:\/\/www.karibea.com\/pt-br\/\",\"name\":\"Karibea Group Hub\",\"description\":\"Un site utilisant ms.decms.eu\",\"publisher\":{\"@id\":\"https:\/\/www.karibea.com\/pt-br\/#organization\"},\"potentialAction\":[{\"@type\":\"SearchAction\",\"target\":{\"@type\":\"EntryPoint\",\"urlTemplate\":\"https:\/\/www.karibea.com\/pt-br\/?s={search_term_string}\"},\"query-input\":{\"@type\":\"PropertyValueSpecification\",\"valueRequired\":true,\"valueName\":\"search_term_string\"}}],\"inLanguage\":\"pt-BR\"},{\"@type\":\"Organization\",\"@id\":\"https:\/\/www.karibea.com\/pt-br\/#organization\",\"name\":\"Karib\u00e9a\",\"url\":\"https:\/\/www.karibea.com\/pt-br\/\",\"logo\":{\"@type\":\"ImageObject\",\"inLanguage\":\"pt-BR\",\"@id\":\"https:\/\/www.karibea.com\/pt-br\/#\/schema\/logo\/image\/\",\"url\":\"https:\/\/www.karibea.com\/wp-content\/uploads\/sites\/496\/2023\/08\/Karibea-Sainte-Luce-Hotel-Martinique-vue-aerienne-drone-plage.jpg\",\"contentUrl\":\"https:\/\/www.karibea.com\/wp-content\/uploads\/sites\/496\/2023\/08\/Karibea-Sainte-Luce-Hotel-Martinique-vue-aerienne-drone-plage.jpg\",\"width\":1900,\"height\":1266,\"caption\":\"Karib\u00e9a\"},\"image\":{\"@id\":\"https:\/\/www.karibea.com\/pt-br\/#\/schema\/logo\/image\/\"}}]}<\/script>\n<!-- \/ Yoast SEO plugin. -->","yoast_head_json":{"title":"Grupo Karibea - Karibea Group Hub","description":"O grupo Karibea Hot\u00e9is e Resid\u00eancias, rede hoteleira das Antilhas Francesas, foi fundado em 1991 pelo grupo GFD. Esta empresa regional, fortemente","robots":{"index":"index","follow":"follow","max-snippet":"max-snippet:-1","max-image-preview":"max-image-preview:large","max-video-preview":"max-video-preview:-1"},"canonical":"https:\/\/www.karibea.com\/pt-br\/grupo-karibea\/","og_locale":"pt_BR","og_type":"article","og_title":"Grupo Karibea - Karibea Group Hub","og_description":"O grupo Karibea Hot\u00e9is e Resid\u00eancias, rede hoteleira das Antilhas Francesas, foi fundado em 1991 pelo grupo GFD. Esta empresa regional, fortemente","og_url":"https:\/\/www.karibea.com\/pt-br\/grupo-karibea\/","og_site_name":"Karibea Group Hub","og_image":[{"width":1900,"height":1266,"url":"https:\/\/www.karibea.com\/wp-content\/uploads\/sites\/496\/2023\/08\/Karibea-Sainte-Luce-Hotel-Martinique-vue-aerienne-drone-piscine-amandiers-batiments-mer.jpg","type":"image\/jpeg"}],"twitter_card":"summary_large_image","twitter_misc":{"Est. tempo de leitura":"2 minutos"},"schema":{"@context":"https:\/\/schema.org","@graph":[{"@type":"WebPage","@id":"https:\/\/www.karibea.com\/pt-br\/grupo-karibea\/","url":"https:\/\/www.karibea.com\/pt-br\/grupo-karibea\/","name":"Grupo Karibea - Karibea Group Hub","isPartOf":{"@id":"https:\/\/www.karibea.com\/pt-br\/#website"},"primaryImageOfPage":{"@id":"https:\/\/www.karibea.com\/pt-br\/grupo-karibea\/#primaryimage"},"image":{"@id":"https:\/\/www.karibea.com\/pt-br\/grupo-karibea\/#primaryimage"},"thumbnailUrl":"https:\/\/www.karibea.com\/wp-content\/uploads\/sites\/496\/2023\/08\/Karibea-Sainte-Luce-Hotel-Martinique-vue-aerienne-drone-piscine-amandiers-batiments-mer.jpg","datePublished":"2025-05-20T21:35:28+00:00","description":"O grupo Karibea Hot\u00e9is e Resid\u00eancias, rede hoteleira das Antilhas Francesas, foi fundado em 1991 pelo grupo GFD. Esta empresa regional, fortemente","breadcrumb":{"@id":"https:\/\/www.karibea.com\/pt-br\/grupo-karibea\/#breadcrumb"},"inLanguage":"pt-BR","potentialAction":[{"@type":"ReadAction","target":["https:\/\/www.karibea.com\/pt-br\/grupo-karibea\/"]}]},{"@type":"ImageObject","inLanguage":"pt-BR","@id":"https:\/\/www.karibea.com\/pt-br\/grupo-karibea\/#primaryimage","url":"https:\/\/www.karibea.com\/wp-content\/uploads\/sites\/496\/2023\/08\/Karibea-Sainte-Luce-Hotel-Martinique-vue-aerienne-drone-piscine-amandiers-batiments-mer.jpg","contentUrl":"https:\/\/www.karibea.com\/wp-content\/uploads\/sites\/496\/2023\/08\/Karibea-Sainte-Luce-Hotel-Martinique-vue-aerienne-drone-piscine-amandiers-batiments-mer.jpg","width":1900,"height":1266},{"@type":"BreadcrumbList","@id":"https:\/\/www.karibea.com\/pt-br\/grupo-karibea\/#breadcrumb","itemListElement":[{"@type":"ListItem","position":1,"name":"Accueil","item":"https:\/\/www.karibea.com\/pt-br\/"},{"@type":"ListItem","position":2,"name":"Grupo Karibea"}]},{"@type":"WebSite","@id":"https:\/\/www.karibea.com\/pt-br\/#website","url":"https:\/\/www.karibea.com\/pt-br\/","name":"Karibea Group Hub","description":"Un site utilisant ms.decms.eu","publisher":{"@id":"https:\/\/www.karibea.com\/pt-br\/#organization"},"potentialAction":[{"@type":"SearchAction","target":{"@type":"EntryPoint","urlTemplate":"https:\/\/www.karibea.com\/pt-br\/?s={search_term_string}"},"query-input":{"@type":"PropertyValueSpecification","valueRequired":true,"valueName":"search_term_string"}}],"inLanguage":"pt-BR"},{"@type":"Organization","@id":"https:\/\/www.karibea.com\/pt-br\/#organization","name":"Karib\u00e9a","url":"https:\/\/www.karibea.com\/pt-br\/","logo":{"@type":"ImageObject","inLanguage":"pt-BR","@id":"https:\/\/www.karibea.com\/pt-br\/#\/schema\/logo\/image\/","url":"https:\/\/www.karibea.com\/wp-content\/uploads\/sites\/496\/2023\/08\/Karibea-Sainte-Luce-Hotel-Martinique-vue-aerienne-drone-plage.jpg","contentUrl":"https:\/\/www.karibea.com\/wp-content\/uploads\/sites\/496\/2023\/08\/Karibea-Sainte-Luce-Hotel-Martinique-vue-aerienne-drone-plage.jpg","width":1900,"height":1266,"caption":"Karib\u00e9a"},"image":{"@id":"https:\/\/www.karibea.com\/pt-br\/#\/schema\/logo\/image\/"}}]}},"acf":[],"_links":{"self":[{"href":"https:\/\/www.karibea.com\/pt-br\/wp-json\/wp\/v2\/pages\/1749","targetHints":{"allow":["GET"]}}],"collection":[{"href":"https:\/\/www.karibea.com\/pt-br\/wp-json\/wp\/v2\/pages"}],"about":[{"href":"https:\/\/www.karibea.com\/pt-br\/wp-json\/wp\/v2\/types\/page"}],"author":[{"embeddable":true,"href":"https:\/\/www.karibea.com\/pt-br\/wp-json\/wp\/v2\/users\/684"}],"replies":[{"embeddable":true,"href":"https:\/\/www.karibea.com\/pt-br\/wp-json\/wp\/v2\/comments?post=1749"}],"version-history":[{"count":0,"href":"https:\/\/www.karibea.com\/pt-br\/wp-json\/wp\/v2\/pages\/1749\/revisions"}],"wp:featuredmedia":[{"embeddable":true,"href":"https:\/\/www.karibea.com\/pt-br\/wp-json\/wp\/v2\/media\/527"}],"wp:attachment":[{"href":"https:\/\/www.karibea.com\/pt-br\/wp-json\/wp\/v2\/media?parent=1749"}],"curies":[{"name":"wp","href":"https:\/\/api.w.org\/{rel}","templated":true}]}}