{"id":1750,"date":"2025-05-20T23:37:16","date_gmt":"2025-05-20T21:37:16","guid":{"rendered":"https:\/\/www.karibea.com\/?page_id=1750"},"modified":"2025-05-20T23:37:16","modified_gmt":"2025-05-20T21:37:16","slug":"informacoes-legais","status":"publish","type":"page","link":"https:\/\/www.karibea.com\/pt-br\/informacoes-legais\/","title":{"rendered":"Informa\u00e7\u00f5es Legais"},"content":{"rendered":"<p class=\"\" data-start=\"154\" data-end=\"390\">Em conformidade com as disposi\u00e7\u00f5es da Lei n\u00ba 2004-575 de 21 de junho de 2004 sobre a confian\u00e7a na economia digital, informamos aos usu\u00e1rios do site Karibea a identidade dos diversos intervenientes envolvidos em sua cria\u00e7\u00e3o e manuten\u00e7\u00e3o.<\/p>\n<h3 class=\"\" data-start=\"392\" data-end=\"414\"><strong data-start=\"396\" data-end=\"414\">Edi\u00e7\u00e3o do site<\/strong><\/h3>\n<p class=\"\" data-start=\"416\" data-end=\"490\">Este site, acess\u00edvel na URL <strong data-start=\"444\" data-end=\"463\"><a class=\"\" href=\"http:\/\/www.karibea.com\" target=\"_new\" rel=\"noopener\" data-start=\"446\" data-end=\"461\">www.karibea.com<\/a><\/strong> (o \u201cSite\u201d), \u00e9 editado por:<\/p>\n<p class=\"\" data-start=\"492\" data-end=\"745\"><strong data-start=\"492\" data-end=\"503\">SAS GFD<\/strong>, sociedade com capital de 3.700.000 euros, registrada no R.C.S. de <strong data-start=\"571\" data-end=\"589\">FORT-DE-FRANCE<\/strong> sob o n\u00famero <strong data-start=\"603\" data-end=\"635\">Fort-de-France B 303 160 287<\/strong>, com sede em <strong data-start=\"649\" data-end=\"684\">Habitation G\u00e9nipa \u2013 97224 DUCOS<\/strong>, representada por <strong data-start=\"703\" data-end=\"720\">Patrice Fabre<\/strong>, devidamente autorizado.<\/p>\n<h3 class=\"\" data-start=\"747\" data-end=\"765\"><strong data-start=\"751\" data-end=\"765\">Hospedagem<\/strong><\/h3>\n<p class=\"\" data-start=\"767\" data-end=\"956\"><strong data-start=\"767\" data-end=\"777\">D-Edge<\/strong> \u2013 <a class=\"\" href=\"https:\/\/www.d-edge.com\/fr\/\" target=\"_new\" rel=\"noopener\" data-start=\"780\" data-end=\"836\">https:\/\/www.d-edge.com\/fr\/<\/a><br data-start=\"836\" data-end=\"839\" \/>Endere\u00e7o: <strong data-start=\"849\" data-end=\"894\">66 rue des Archives \u2013 75003 Paris, Fran\u00e7a<\/strong><br data-start=\"894\" data-end=\"897\" \/>Telefone: <strong data-start=\"907\" data-end=\"931\">+33 (0)1 76 44 04 35<\/strong><br data-start=\"931\" data-end=\"934\" \/>SIREN: <strong data-start=\"941\" data-end=\"956\">431 513 852<\/strong><\/p>\n<h3 class=\"\" data-start=\"958\" data-end=\"987\"><strong data-start=\"962\" data-end=\"987\">Diretor da publica\u00e7\u00e3o<\/strong><\/h3>\n<p class=\"\" data-start=\"989\" data-end=\"1041\">O Diretor de publica\u00e7\u00e3o do site \u00e9 <strong data-start=\"1023\" data-end=\"1040\">Patrice Fabre<\/strong>.<\/p>\n<h3 class=\"\" data-start=\"1043\" data-end=\"1058\"><strong data-start=\"1047\" data-end=\"1058\">Contato<\/strong><\/h3>\n<p class=\"\" data-start=\"1060\" data-end=\"1211\">Telefone: <strong data-start=\"1070\" data-end=\"1090\">+596 596 485 000<\/strong><br data-start=\"1090\" data-end=\"1093\" \/>E-mail: <strong data-start=\"1101\" data-end=\"1129\"><a class=\"cursor-pointer\" rel=\"noopener\" data-start=\"1103\" data-end=\"1127\">contact@karibeahotel.com<\/a><\/strong><br data-start=\"1129\" data-end=\"1132\" \/>Correspond\u00eancia: <strong data-start=\"1149\" data-end=\"1211\">Habitation G\u00e9nipa \u2013 ZA de G\u00e9nipa \u2013 97224 DUCOS \u2013 Martinica<\/strong><\/p>\n<h3 class=\"\" data-start=\"1213\" data-end=\"1235\"><strong data-start=\"1217\" data-end=\"1235\">Dados pessoais<\/strong><\/h3>\n<p class=\"\" data-start=\"1237\" data-end=\"1489\">O tratamento de seus dados pessoais \u00e9 regido por nossa <strong data-start=\"1292\" data-end=\"1319\">Pol\u00edtica de Privacidade<\/strong>, dispon\u00edvel na se\u00e7\u00e3o &#8220;Carta de Prote\u00e7\u00e3o de Dados Pessoais&#8221;, em conformidade com o <strong data-start=\"1402\" data-end=\"1488\">Regulamento Geral sobre a Prote\u00e7\u00e3o de Dados 2016\/679 de 27 de abril de 2016 (RGPD)<\/strong>.<\/p>\n<hr class=\"\" data-start=\"1491\" data-end=\"1494\" \/>\n<h3 class=\"\" data-start=\"1496\" data-end=\"1546\"><strong data-start=\"1500\" data-end=\"1546\">Informa\u00e7\u00f5es sobre o conte\u00fado e uso do site<\/strong><\/h3>\n<p class=\"\" data-start=\"1548\" data-end=\"1637\">Todas as informa\u00e7\u00f5es deste site podem ser baixadas, reproduzidas ou impressas, desde que:<\/p>\n<ul data-start=\"1639\" data-end=\"1819\">\n<li class=\"\" data-start=\"1639\" data-end=\"1708\">\n<p class=\"\" data-start=\"1641\" data-end=\"1708\">sejam utilizadas apenas para fins <strong data-start=\"1675\" data-end=\"1687\">pessoais<\/strong>, nunca comerciais;<\/p>\n<\/li>\n<li class=\"\" data-start=\"1709\" data-end=\"1735\">\n<p class=\"\" data-start=\"1711\" data-end=\"1735\">n\u00e3o sejam modificadas;<\/p>\n<\/li>\n<li class=\"\" data-start=\"1736\" data-end=\"1819\">\n<p class=\"\" data-start=\"1738\" data-end=\"1819\">qualquer c\u00f3pia inclua a men\u00e7\u00e3o dos <strong data-start=\"1773\" data-end=\"1794\">direitos autorais<\/strong> do Grupo Karibea Hot\u00e9is.<\/p>\n<\/li>\n<\/ul>\n<p class=\"\" data-start=\"1821\" data-end=\"1925\">Qualquer outro uso \u00e9 estritamente proibido sem autoriza\u00e7\u00e3o pr\u00e9via e por escrito do Grupo Karibea Hot\u00e9is.<\/p>\n<p class=\"\" data-start=\"1927\" data-end=\"2163\">Todas as informa\u00e7\u00f5es acess\u00edveis neste site s\u00e3o fornecidas &#8220;no estado em que se encontram&#8221;. O Grupo Karibea Hot\u00e9is <strong data-start=\"2041\" data-end=\"2066\">n\u00e3o oferece garantias<\/strong>, expressas ou impl\u00edcitas, nem assume qualquer responsabilidade quanto ao uso dessas informa\u00e7\u00f5es.<\/p>\n<p class=\"\" data-start=\"2165\" data-end=\"2326\">O grupo <strong data-start=\"2173\" data-end=\"2227\">n\u00e3o \u00e9 respons\u00e1vel pela exatid\u00e3o, erros ou omiss\u00f5es<\/strong> contidas neste site. O usu\u00e1rio \u00e9 <strong data-start=\"2261\" data-end=\"2289\">inteiramente respons\u00e1vel<\/strong> pelo uso das informa\u00e7\u00f5es fornecidas.<\/p>\n<p class=\"\" data-start=\"2328\" data-end=\"2456\">O Grupo Karibea Hot\u00e9is se reserva o direito de modificar essas informa\u00e7\u00f5es a qualquer momento, especialmente atualizando o site.<\/p>\n<p class=\"\" data-start=\"2458\" data-end=\"2591\">O grupo <strong data-start=\"2466\" data-end=\"2519\">n\u00e3o pode ser responsabilizado por quaisquer danos<\/strong>, diretos ou indiretos, resultantes das informa\u00e7\u00f5es contidas neste site.<\/p>\n<p class=\"\" data-start=\"2593\" data-end=\"2824\">O usu\u00e1rio compromete-se a <strong data-start=\"2619\" data-end=\"2717\">n\u00e3o transmitir neste site qualquer conte\u00fado que possa implicar responsabilidade civil ou penal<\/strong>, e, portanto, compromete-se a n\u00e3o divulgar informa\u00e7\u00f5es ilegais, ofensivas \u00e0 ordem p\u00fablica ou difamat\u00f3rias.<\/p>\n<hr class=\"\" data-start=\"2826\" data-end=\"2829\" \/>\n<h3 class=\"\" data-start=\"2831\" data-end=\"2857\"><strong data-start=\"2835\" data-end=\"2857\">Marcas &amp; Logotipos<\/strong><\/h3>\n<p class=\"\" data-start=\"2859\" data-end=\"3113\">As marcas e logotipos presentes neste site s\u00e3o marcas registradas do Grupo Karibea Hot\u00e9is. A men\u00e7\u00e3o das mesmas n\u00e3o constitui, de forma alguma, uma licen\u00e7a ou direito de uso. Qualquer uso sem autoriza\u00e7\u00e3o <strong data-start=\"3062\" data-end=\"3086\">pr\u00e9via e por escrito<\/strong> ser\u00e1 considerado infra\u00e7\u00e3o.<\/p>\n<hr class=\"\" data-start=\"3115\" data-end=\"3118\" \/>\n<h3 class=\"\" data-start=\"3120\" data-end=\"3144\"><strong data-start=\"3124\" data-end=\"3144\">Estabelecimentos<\/strong><\/h3>\n<ul data-start=\"3146\" data-end=\"3582\">\n<li class=\"\" data-start=\"3146\" data-end=\"3288\">\n<p class=\"\" data-start=\"3148\" data-end=\"3288\"><strong data-start=\"3148\" data-end=\"3178\">Karibea Squash H\u00f4tel &amp; Spa<\/strong> \u2013 Soci\u00e9t\u00e9 H\u00f4teli\u00e8re du Squash SARL \u2013 Bd de la Marne \u2013 97200 Fort-de-France \u2013 RCS Fort-de-France 794 254 193<\/p>\n<\/li>\n<li class=\"\" data-start=\"3289\" data-end=\"3463\">\n<p class=\"\" data-start=\"3291\" data-end=\"3463\"><strong data-start=\"3291\" data-end=\"3320\">Karibea Sainte-Luce H\u00f4tel<\/strong> \u2013 Soci\u00e9t\u00e9 d\u2019exploitation h\u00f4teli\u00e8re de Sainte-Luce SARL \u2013 Quartier D\u00e9sert \u2013 H\u00f4tel Amyris \u2013 97228 Sainte-Luce \u2013 RCS Fort-de-France 794 254 250<\/p>\n<\/li>\n<li class=\"\" data-start=\"3464\" data-end=\"3582\">\n<p class=\"\" data-start=\"3466\" data-end=\"3582\"><strong data-start=\"3466\" data-end=\"3503\">Karibea La Valmeni\u00e8re H\u00f4tel &amp; Spa<\/strong> \u2013 Avenue des Arawaks \u2013 97200 Fort-de-France \u2013 RCS Fort-de-France 488 234 741<\/p>\n<\/li>\n<\/ul>\n<hr class=\"\" data-start=\"3584\" data-end=\"3587\" \/>\n<h3 class=\"\" data-start=\"3589\" data-end=\"3629\"><strong data-start=\"3593\" data-end=\"3629\">Direito de acesso \u00e0s informa\u00e7\u00f5es<\/strong><\/h3>\n<p class=\"\" data-start=\"3631\" data-end=\"3809\">De acordo com a <strong data-start=\"3647\" data-end=\"3724\">Lei Francesa de Inform\u00e1tica e Liberdades n\u00ba 78-17 de 6 de janeiro de 1978<\/strong>, este site foi declarado \u00e0 <strong data-start=\"3752\" data-end=\"3760\">CNIL<\/strong> (Comiss\u00e3o Nacional de Inform\u00e1tica e Liberdades).<\/p>\n<p class=\"\" data-start=\"3811\" data-end=\"3948\">Voc\u00ea tem o direito de <strong data-start=\"3833\" data-end=\"3877\">acessar, modificar, retificar ou excluir<\/strong> os dados que lhe dizem respeito, conforme o artigo 34 da referida lei.<\/p>\n<p class=\"\" data-start=\"3950\" data-end=\"3998\">Para exercer este direito, entre em contato com:<\/p>\n<p class=\"\" data-start=\"4000\" data-end=\"4186\"><strong data-start=\"4000\" data-end=\"4031\">KARIBEA H\u00d4TELS &amp; R\u00c9SIDENCES<\/strong><br data-start=\"4031\" data-end=\"4034\" \/>Departamento Comercial e de Marketing<br data-start=\"4071\" data-end=\"4074\" \/>Zone Artisanale de G\u00e9nipa<br data-start=\"4099\" data-end=\"4102\" \/>Habitation G\u00e9nipa<br data-start=\"4119\" data-end=\"4122\" \/>97224 \u2013 DUCOS \u2013 MARTINICA<br data-start=\"4147\" data-end=\"4150\" \/>E-mail: <strong data-start=\"4158\" data-end=\"4186\"><a class=\"cursor-pointer\" rel=\"noopener\" data-start=\"4160\" data-end=\"4184\">contact@karibeahotel.com<\/a><\/strong><\/p>\n","protected":false},"excerpt":{"rendered":"<p>Em conformidade com as disposi\u00e7\u00f5es da Lei n\u00ba 2004-575 de 21 de junho de 2004 sobre a confian\u00e7a na economia digital, informamos aos usu\u00e1rios do site Karibea a identidade dos diversos intervenientes envolvidos em sua cria\u00e7\u00e3o e manuten\u00e7\u00e3o. Edi\u00e7\u00e3o do site Este site, acess\u00edvel na URL www.karibea.com (o \u201cSite\u201d), \u00e9 editado por: SAS GFD, sociedade [&hellip;]<\/p>\n","protected":false},"author":684,"featured_media":0,"parent":0,"menu_order":0,"comment_status":"closed","ping_status":"closed","template":"template-privacy.php","meta":{"footnotes":""},"class_list":["post-1750","page","type-page","status-publish","hentry"],"yoast_head":"<!-- This site is optimized with the Yoast SEO plugin v26.9 - https:\/\/yoast.com\/product\/yoast-seo-wordpress\/ -->\n<title>Informa\u00e7\u00f5es Legais - Karibea Group Hub<\/title>\n<meta name=\"description\" content=\"Em conformidade com as disposi\u00e7\u00f5es da Lei n\u00ba 2004-575 de 21 de junho de 2004 sobre a confian\u00e7a na economia digital, informamos aos usu\u00e1rios do site\" \/>\n<meta name=\"robots\" content=\"index, follow, max-snippet:-1, max-image-preview:large, max-video-preview:-1\" \/>\n<link rel=\"canonical\" href=\"https:\/\/www.karibea.com\/pt-br\/informacoes-legais\/\" \/>\n<meta property=\"og:locale\" content=\"pt_BR\" \/>\n<meta property=\"og:type\" content=\"article\" \/>\n<meta property=\"og:title\" content=\"Informa\u00e7\u00f5es Legais - Karibea Group Hub\" \/>\n<meta property=\"og:description\" content=\"Em conformidade com as disposi\u00e7\u00f5es da Lei n\u00ba 2004-575 de 21 de junho de 2004 sobre a confian\u00e7a na economia digital, informamos aos usu\u00e1rios do site\" \/>\n<meta property=\"og:url\" content=\"https:\/\/www.karibea.com\/pt-br\/informacoes-legais\/\" \/>\n<meta property=\"og:site_name\" content=\"Karibea Group Hub\" \/>\n<meta property=\"og:image\" content=\"https:\/\/www.karibea.com\/wp-content\/uploads\/sites\/496\/2022\/11\/Karibea-Sainte-Luce-Hotel-Martinique-vue-aerienne-drone-plage.jpg\" \/>\n\t<meta property=\"og:image:width\" content=\"1900\" \/>\n\t<meta property=\"og:image:height\" content=\"1266\" \/>\n\t<meta property=\"og:image:type\" content=\"image\/jpeg\" \/>\n<meta name=\"twitter:card\" content=\"summary_large_image\" \/>\n<meta name=\"twitter:label1\" content=\"Est. tempo de leitura\" \/>\n\t<meta name=\"twitter:data1\" content=\"3 minutos\" \/>\n<script type=\"application\/ld+json\" class=\"yoast-schema-graph\">{\"@context\":\"https:\/\/schema.org\",\"@graph\":[{\"@type\":\"WebPage\",\"@id\":\"https:\/\/www.karibea.com\/pt-br\/informacoes-legais\/\",\"url\":\"https:\/\/www.karibea.com\/pt-br\/informacoes-legais\/\",\"name\":\"Informa\u00e7\u00f5es Legais - Karibea Group Hub\",\"isPartOf\":{\"@id\":\"https:\/\/www.karibea.com\/pt-br\/#website\"},\"datePublished\":\"2025-05-20T21:37:16+00:00\",\"description\":\"Em conformidade com as disposi\u00e7\u00f5es da Lei n\u00ba 2004-575 de 21 de junho de 2004 sobre a confian\u00e7a na economia digital, informamos aos usu\u00e1rios do site\",\"breadcrumb\":{\"@id\":\"https:\/\/www.karibea.com\/pt-br\/informacoes-legais\/#breadcrumb\"},\"inLanguage\":\"pt-BR\",\"potentialAction\":[{\"@type\":\"ReadAction\",\"target\":[\"https:\/\/www.karibea.com\/pt-br\/informacoes-legais\/\"]}]},{\"@type\":\"BreadcrumbList\",\"@id\":\"https:\/\/www.karibea.com\/pt-br\/informacoes-legais\/#breadcrumb\",\"itemListElement\":[{\"@type\":\"ListItem\",\"position\":1,\"name\":\"Accueil\",\"item\":\"https:\/\/www.karibea.com\/pt-br\/\"},{\"@type\":\"ListItem\",\"position\":2,\"name\":\"Informa\u00e7\u00f5es Legais\"}]},{\"@type\":\"WebSite\",\"@id\":\"https:\/\/www.karibea.com\/pt-br\/#website\",\"url\":\"https:\/\/www.karibea.com\/pt-br\/\",\"name\":\"Karibea Group Hub\",\"description\":\"Un site utilisant ms.decms.eu\",\"publisher\":{\"@id\":\"https:\/\/www.karibea.com\/pt-br\/#organization\"},\"potentialAction\":[{\"@type\":\"SearchAction\",\"target\":{\"@type\":\"EntryPoint\",\"urlTemplate\":\"https:\/\/www.karibea.com\/pt-br\/?s={search_term_string}\"},\"query-input\":{\"@type\":\"PropertyValueSpecification\",\"valueRequired\":true,\"valueName\":\"search_term_string\"}}],\"inLanguage\":\"pt-BR\"},{\"@type\":\"Organization\",\"@id\":\"https:\/\/www.karibea.com\/pt-br\/#organization\",\"name\":\"Karib\u00e9a\",\"url\":\"https:\/\/www.karibea.com\/pt-br\/\",\"logo\":{\"@type\":\"ImageObject\",\"inLanguage\":\"pt-BR\",\"@id\":\"https:\/\/www.karibea.com\/pt-br\/#\/schema\/logo\/image\/\",\"url\":\"https:\/\/www.karibea.com\/wp-content\/uploads\/sites\/496\/2023\/08\/Karibea-Sainte-Luce-Hotel-Martinique-vue-aerienne-drone-plage.jpg\",\"contentUrl\":\"https:\/\/www.karibea.com\/wp-content\/uploads\/sites\/496\/2023\/08\/Karibea-Sainte-Luce-Hotel-Martinique-vue-aerienne-drone-plage.jpg\",\"width\":1900,\"height\":1266,\"caption\":\"Karib\u00e9a\"},\"image\":{\"@id\":\"https:\/\/www.karibea.com\/pt-br\/#\/schema\/logo\/image\/\"}}]}<\/script>\n<!-- \/ Yoast SEO plugin. -->","yoast_head_json":{"title":"Informa\u00e7\u00f5es Legais - Karibea Group Hub","description":"Em conformidade com as disposi\u00e7\u00f5es da Lei n\u00ba 2004-575 de 21 de junho de 2004 sobre a confian\u00e7a na economia digital, informamos aos usu\u00e1rios do site","robots":{"index":"index","follow":"follow","max-snippet":"max-snippet:-1","max-image-preview":"max-image-preview:large","max-video-preview":"max-video-preview:-1"},"canonical":"https:\/\/www.karibea.com\/pt-br\/informacoes-legais\/","og_locale":"pt_BR","og_type":"article","og_title":"Informa\u00e7\u00f5es Legais - Karibea Group Hub","og_description":"Em conformidade com as disposi\u00e7\u00f5es da Lei n\u00ba 2004-575 de 21 de junho de 2004 sobre a confian\u00e7a na economia digital, informamos aos usu\u00e1rios do site","og_url":"https:\/\/www.karibea.com\/pt-br\/informacoes-legais\/","og_site_name":"Karibea Group Hub","og_image":[{"width":1900,"height":1266,"url":"https:\/\/www.karibea.com\/wp-content\/uploads\/sites\/496\/2022\/11\/Karibea-Sainte-Luce-Hotel-Martinique-vue-aerienne-drone-plage.jpg","type":"image\/jpeg"}],"twitter_card":"summary_large_image","twitter_misc":{"Est. tempo de leitura":"3 minutos"},"schema":{"@context":"https:\/\/schema.org","@graph":[{"@type":"WebPage","@id":"https:\/\/www.karibea.com\/pt-br\/informacoes-legais\/","url":"https:\/\/www.karibea.com\/pt-br\/informacoes-legais\/","name":"Informa\u00e7\u00f5es Legais - Karibea Group Hub","isPartOf":{"@id":"https:\/\/www.karibea.com\/pt-br\/#website"},"datePublished":"2025-05-20T21:37:16+00:00","description":"Em conformidade com as disposi\u00e7\u00f5es da Lei n\u00ba 2004-575 de 21 de junho de 2004 sobre a confian\u00e7a na economia digital, informamos aos usu\u00e1rios do site","breadcrumb":{"@id":"https:\/\/www.karibea.com\/pt-br\/informacoes-legais\/#breadcrumb"},"inLanguage":"pt-BR","potentialAction":[{"@type":"ReadAction","target":["https:\/\/www.karibea.com\/pt-br\/informacoes-legais\/"]}]},{"@type":"BreadcrumbList","@id":"https:\/\/www.karibea.com\/pt-br\/informacoes-legais\/#breadcrumb","itemListElement":[{"@type":"ListItem","position":1,"name":"Accueil","item":"https:\/\/www.karibea.com\/pt-br\/"},{"@type":"ListItem","position":2,"name":"Informa\u00e7\u00f5es Legais"}]},{"@type":"WebSite","@id":"https:\/\/www.karibea.com\/pt-br\/#website","url":"https:\/\/www.karibea.com\/pt-br\/","name":"Karibea Group Hub","description":"Un site utilisant ms.decms.eu","publisher":{"@id":"https:\/\/www.karibea.com\/pt-br\/#organization"},"potentialAction":[{"@type":"SearchAction","target":{"@type":"EntryPoint","urlTemplate":"https:\/\/www.karibea.com\/pt-br\/?s={search_term_string}"},"query-input":{"@type":"PropertyValueSpecification","valueRequired":true,"valueName":"search_term_string"}}],"inLanguage":"pt-BR"},{"@type":"Organization","@id":"https:\/\/www.karibea.com\/pt-br\/#organization","name":"Karib\u00e9a","url":"https:\/\/www.karibea.com\/pt-br\/","logo":{"@type":"ImageObject","inLanguage":"pt-BR","@id":"https:\/\/www.karibea.com\/pt-br\/#\/schema\/logo\/image\/","url":"https:\/\/www.karibea.com\/wp-content\/uploads\/sites\/496\/2023\/08\/Karibea-Sainte-Luce-Hotel-Martinique-vue-aerienne-drone-plage.jpg","contentUrl":"https:\/\/www.karibea.com\/wp-content\/uploads\/sites\/496\/2023\/08\/Karibea-Sainte-Luce-Hotel-Martinique-vue-aerienne-drone-plage.jpg","width":1900,"height":1266,"caption":"Karib\u00e9a"},"image":{"@id":"https:\/\/www.karibea.com\/pt-br\/#\/schema\/logo\/image\/"}}]}},"acf":[],"_links":{"self":[{"href":"https:\/\/www.karibea.com\/pt-br\/wp-json\/wp\/v2\/pages\/1750","targetHints":{"allow":["GET"]}}],"collection":[{"href":"https:\/\/www.karibea.com\/pt-br\/wp-json\/wp\/v2\/pages"}],"about":[{"href":"https:\/\/www.karibea.com\/pt-br\/wp-json\/wp\/v2\/types\/page"}],"author":[{"embeddable":true,"href":"https:\/\/www.karibea.com\/pt-br\/wp-json\/wp\/v2\/users\/684"}],"replies":[{"embeddable":true,"href":"https:\/\/www.karibea.com\/pt-br\/wp-json\/wp\/v2\/comments?post=1750"}],"version-history":[{"count":0,"href":"https:\/\/www.karibea.com\/pt-br\/wp-json\/wp\/v2\/pages\/1750\/revisions"}],"wp:attachment":[{"href":"https:\/\/www.karibea.com\/pt-br\/wp-json\/wp\/v2\/media?parent=1750"}],"curies":[{"name":"wp","href":"https:\/\/api.w.org\/{rel}","templated":true}]}}